{"id":1010,"date":"2024-06-21T10:04:22","date_gmt":"2024-06-21T08:04:22","guid":{"rendered":"https:\/\/apgallery.ae\/?page_id=1010"},"modified":"2024-06-21T10:05:28","modified_gmt":"2024-06-21T08:05:28","slug":"inquiriesproduct","status":"publish","type":"page","link":"https:\/\/apgallery.ae\/index.php\/inquiriesproduct\/","title":{"rendered":"InquiriesProduct"},"content":{"rendered":"\n<div class=\"wp-block-uagb-container uagb-block-f5c78138 alignfull uagb-is-root-container\"><div class=\"uagb-container-inner-blocks-wrap\">\n<div\n\tclass=\"root-eb-wpforms-ao35l wp-block-essential-blocks-wpforms\">\n\t<div class=\"eb-parent-eb-wpforms-ao35l  eb-parent-wrapper\">\n\t\t<div class=\"eb-wpforms-ao35l eb-wpforms-wrapper eb-wpforms-alignment-center\">\n\t\t\t<div class=\"wpforms-container wpforms-container-full wpforms-render-modern\" id=\"wpforms-960\"><form id=\"wpforms-form-960\" class=\"wpforms-validate wpforms-form wpforms-ajax-form\" data-formid=\"960\" method=\"post\" enctype=\"multipart\/form-data\" action=\"\/index.php\/wp-json\/wp\/v2\/pages\/1010\" data-token=\"79db991ff68089bf18be82839cbf1928\" data-token-time=\"1777191105\"><noscript class=\"wpforms-error-noscript\">Aby wype\u0142ni\u0107 ten formularz, w\u0142\u0105cz obs\u0142ug\u0119 JavaScript w przegl\u0105darce.<\/noscript><div id=\"wpforms-error-noscript\" style=\"display: none;\">Aby wype\u0142ni\u0107 ten formularz, w\u0142\u0105cz obs\u0142ug\u0119 JavaScript w przegl\u0105darce.<\/div><div class=\"wpforms-field-container\"><div id=\"wpforms-960-field_1-container\" class=\"wpforms-field wpforms-field-text\" data-field-id=\"1\"><label class=\"wpforms-field-label\" for=\"wpforms-960-field_1\">Art<\/label><input type=\"text\" id=\"wpforms-960-field_1\" class=\"wpforms-field-medium\" name=\"wpforms[fields][1]\" aria-errormessage=\"wpforms-960-field_1-error\" ><\/div><div id=\"wpforms-960-field_4-container\" class=\"wpforms-field wpforms-field-name\" data-field-id=\"4\"><fieldset><legend class=\"wpforms-field-label\">Name <span class=\"wpforms-required-label\" aria-hidden=\"true\">*<\/span><\/legend><div class=\"wpforms-field-row wpforms-field-medium\"><div class=\"wpforms-field-row-block wpforms-first wpforms-one-half\"><input type=\"text\" id=\"wpforms-960-field_4\" class=\"wpforms-field-name-first wpforms-field-required\" name=\"wpforms[fields][4][first]\" aria-errormessage=\"wpforms-960-field_4-error\" required><label for=\"wpforms-960-field_4\" class=\"wpforms-field-sublabel after wpforms-sublabel-hide\">Pierwszy<\/label><\/div><div class=\"wpforms-field-row-block wpforms-one-half\"><input type=\"text\" id=\"wpforms-960-field_4-last\" class=\"wpforms-field-name-last wpforms-field-required\" name=\"wpforms[fields][4][last]\" aria-errormessage=\"wpforms-960-field_4-last-error\" required><label for=\"wpforms-960-field_4-last\" class=\"wpforms-field-sublabel after wpforms-sublabel-hide\">Ostatni<\/label><\/div><\/div><\/fieldset><\/div><div id=\"wpforms-960-field_5-container\" class=\"wpforms-field wpforms-field-email\" data-field-id=\"5\"><label class=\"wpforms-field-label\" for=\"wpforms-960-field_5\">E-mail <span class=\"wpforms-required-label\" aria-hidden=\"true\">*<\/span><\/label><input type=\"email\" id=\"wpforms-960-field_5\" class=\"wpforms-field-medium wpforms-field-required\" name=\"wpforms[fields][5]\" spellcheck=\"false\" aria-errormessage=\"wpforms-960-field_5-error\" required><\/div><div id=\"wpforms-960-field_6-container\" class=\"wpforms-field wpforms-field-textarea\" data-field-id=\"6\"><label class=\"wpforms-field-label\" for=\"wpforms-960-field_6\">Question<\/label><textarea id=\"wpforms-960-field_6\" class=\"wpforms-field-medium\" name=\"wpforms[fields][6]\" aria-errormessage=\"wpforms-960-field_6-error\" ><\/textarea><\/div><\/div><!-- .wpforms-field-container --><div class=\"wpforms-submit-container\" ><input type=\"hidden\" name=\"wpforms[id]\" value=\"960\"><input type=\"hidden\" name=\"page_title\" value=\"\"><input type=\"hidden\" name=\"page_url\" value=\"https:\/\/apgallery.ae\/index.php\/wp-json\/wp\/v2\/pages\/1010\"><input type=\"hidden\" name=\"url_referer\" value=\"\"><button type=\"submit\" name=\"wpforms[submit]\" id=\"wpforms-submit-960\" class=\"wpforms-submit\" data-alt-text=\"Sending...\" data-submit-text=\"Submit\" aria-live=\"assertive\" value=\"wpforms-submit\">Submit<\/button><img loading=\"lazy\" decoding=\"async\" src=\"https:\/\/apgallery.ae\/wp-content\/plugins\/wpforms-lite\/assets\/images\/submit-spin.svg\" class=\"wpforms-submit-spinner\" style=\"display: none;\" width=\"26\" height=\"26\" alt=\"Wczytywanie\"><\/div><\/form><\/div>  <!-- .wpforms-container -->\t\t<\/div>\n\t<\/div>\n<\/div>\n<\/div><\/div>\n","protected":false},"excerpt":{"rendered":"","protected":false},"author":1,"featured_media":0,"parent":0,"menu_order":0,"comment_status":"closed","ping_status":"closed","template":"","meta":{"_eb_attr":"","_uag_custom_page_level_css":"","site-sidebar-layout":"default","site-content-layout":"","ast-site-content-layout":"default","site-content-style":"default","site-sidebar-style":"default","ast-global-header-display":"","ast-banner-title-visibility":"","ast-main-header-display":"","ast-hfb-above-header-display":"","ast-hfb-below-header-display":"","ast-hfb-mobile-header-display":"","site-post-title":"disabled","ast-breadcrumbs-content":"","ast-featured-img":"","footer-sml-layout":"","ast-disable-related-posts":"","theme-transparent-header-meta":"","adv-header-id-meta":"","stick-header-meta":"","header-above-stick-meta":"","header-main-stick-meta":"","header-below-stick-meta":"","astra-migrate-meta-layouts":"default","ast-page-background-enabled":"default","ast-page-background-meta":{"desktop":{"background-color":"var(--ast-global-color-4)","background-image":"","background-repeat":"repeat","background-position":"center center","background-size":"auto","background-attachment":"scroll","background-type":"","background-media":"","overlay-type":"","overlay-color":"","overlay-opacity":"","overlay-gradient":""},"tablet":{"background-color":"","background-image":"","background-repeat":"repeat","background-position":"center center","background-size":"auto","background-attachment":"scroll","background-type":"","background-media":"","overlay-type":"","overlay-color":"","overlay-opacity":"","overlay-gradient":""},"mobile":{"background-color":"","background-image":"","background-repeat":"repeat","background-position":"center center","background-size":"auto","background-attachment":"scroll","background-type":"","background-media":"","overlay-type":"","overlay-color":"","overlay-opacity":"","overlay-gradient":""}},"ast-content-background-meta":{"desktop":{"background-color":"var(--ast-global-color-5)","background-image":"","background-repeat":"repeat","background-position":"center center","background-size":"auto","background-attachment":"scroll","background-type":"","background-media":"","overlay-type":"","overlay-color":"","overlay-opacity":"","overlay-gradient":""},"tablet":{"background-color":"var(--ast-global-color-5)","background-image":"","background-repeat":"repeat","background-position":"center center","background-size":"auto","background-attachment":"scroll","background-type":"","background-media":"","overlay-type":"","overlay-color":"","overlay-opacity":"","overlay-gradient":""},"mobile":{"background-color":"var(--ast-global-color-5)","background-image":"","background-repeat":"repeat","background-position":"center center","background-size":"auto","background-attachment":"scroll","background-type":"","background-media":"","overlay-type":"","overlay-color":"","overlay-opacity":"","overlay-gradient":""}},"footnotes":""},"class_list":["post-1010","page","type-page","status-publish","hentry"],"yoast_head":"<!-- This site is optimized with the Yoast SEO plugin v27.4 - https:\/\/yoast.com\/product\/yoast-seo-wordpress\/ -->\n<title>InquiriesProduct - Arturo Palomba<\/title>\n<meta name=\"robots\" content=\"index, follow, max-snippet:-1, max-image-preview:large, max-video-preview:-1\" \/>\n<link rel=\"canonical\" href=\"https:\/\/apgallery.ae\/index.php\/inquiriesproduct\/\" \/>\n<meta property=\"og:locale\" content=\"pl_PL\" \/>\n<meta property=\"og:type\" content=\"article\" \/>\n<meta property=\"og:title\" content=\"InquiriesProduct - Arturo Palomba\" \/>\n<meta property=\"og:url\" content=\"https:\/\/apgallery.ae\/index.php\/inquiriesproduct\/\" \/>\n<meta property=\"og:site_name\" content=\"Arturo Palomba\" \/>\n<meta property=\"article:modified_time\" content=\"2024-06-21T08:05:28+00:00\" \/>\n<meta name=\"twitter:card\" content=\"summary_large_image\" \/>\n<script type=\"application\/ld+json\" class=\"yoast-schema-graph\">{\"@context\":\"https:\\\/\\\/schema.org\",\"@graph\":[{\"@type\":\"WebPage\",\"@id\":\"https:\\\/\\\/apgallery.ae\\\/index.php\\\/inquiriesproduct\\\/\",\"url\":\"https:\\\/\\\/apgallery.ae\\\/index.php\\\/inquiriesproduct\\\/\",\"name\":\"InquiriesProduct - Arturo Palomba\",\"isPartOf\":{\"@id\":\"https:\\\/\\\/apgallery.ae\\\/#website\"},\"datePublished\":\"2024-06-21T08:04:22+00:00\",\"dateModified\":\"2024-06-21T08:05:28+00:00\",\"breadcrumb\":{\"@id\":\"https:\\\/\\\/apgallery.ae\\\/index.php\\\/inquiriesproduct\\\/#breadcrumb\"},\"inLanguage\":\"pl-PL\",\"potentialAction\":[{\"@type\":\"ReadAction\",\"target\":[\"https:\\\/\\\/apgallery.ae\\\/index.php\\\/inquiriesproduct\\\/\"]}]},{\"@type\":\"BreadcrumbList\",\"@id\":\"https:\\\/\\\/apgallery.ae\\\/index.php\\\/inquiriesproduct\\\/#breadcrumb\",\"itemListElement\":[{\"@type\":\"ListItem\",\"position\":1,\"name\":\"Strona g\u0142\u00f3wna\",\"item\":\"https:\\\/\\\/apgallery.ae\\\/\"},{\"@type\":\"ListItem\",\"position\":2,\"name\":\"InquiriesProduct\"}]},{\"@type\":\"WebSite\",\"@id\":\"https:\\\/\\\/apgallery.ae\\\/#website\",\"url\":\"https:\\\/\\\/apgallery.ae\\\/\",\"name\":\"Arturo Palomba Gallery\",\"description\":\"Gallery\",\"publisher\":{\"@id\":\"https:\\\/\\\/apgallery.ae\\\/#organization\"},\"potentialAction\":[{\"@type\":\"SearchAction\",\"target\":{\"@type\":\"EntryPoint\",\"urlTemplate\":\"https:\\\/\\\/apgallery.ae\\\/?s={search_term_string}\"},\"query-input\":{\"@type\":\"PropertyValueSpecification\",\"valueRequired\":true,\"valueName\":\"search_term_string\"}}],\"inLanguage\":\"pl-PL\"},{\"@type\":\"Organization\",\"@id\":\"https:\\\/\\\/apgallery.ae\\\/#organization\",\"name\":\"Arturo Palomba Gallery\",\"url\":\"https:\\\/\\\/apgallery.ae\\\/\",\"logo\":{\"@type\":\"ImageObject\",\"inLanguage\":\"pl-PL\",\"@id\":\"https:\\\/\\\/apgallery.ae\\\/#\\\/schema\\\/logo\\\/image\\\/\",\"url\":\"https:\\\/\\\/apgallery.ae\\\/wp-content\\\/uploads\\\/2024\\\/06\\\/cropped-logo.jpg\",\"contentUrl\":\"https:\\\/\\\/apgallery.ae\\\/wp-content\\\/uploads\\\/2024\\\/06\\\/cropped-logo.jpg\",\"width\":522,\"height\":522,\"caption\":\"Arturo Palomba Gallery\"},\"image\":{\"@id\":\"https:\\\/\\\/apgallery.ae\\\/#\\\/schema\\\/logo\\\/image\\\/\"}}]}<\/script>\n<!-- \/ Yoast SEO plugin. -->","yoast_head_json":{"title":"InquiriesProduct - Arturo Palomba","robots":{"index":"index","follow":"follow","max-snippet":"max-snippet:-1","max-image-preview":"max-image-preview:large","max-video-preview":"max-video-preview:-1"},"canonical":"https:\/\/apgallery.ae\/index.php\/inquiriesproduct\/","og_locale":"pl_PL","og_type":"article","og_title":"InquiriesProduct - Arturo Palomba","og_url":"https:\/\/apgallery.ae\/index.php\/inquiriesproduct\/","og_site_name":"Arturo Palomba","article_modified_time":"2024-06-21T08:05:28+00:00","twitter_card":"summary_large_image","schema":{"@context":"https:\/\/schema.org","@graph":[{"@type":"WebPage","@id":"https:\/\/apgallery.ae\/index.php\/inquiriesproduct\/","url":"https:\/\/apgallery.ae\/index.php\/inquiriesproduct\/","name":"InquiriesProduct - Arturo Palomba","isPartOf":{"@id":"https:\/\/apgallery.ae\/#website"},"datePublished":"2024-06-21T08:04:22+00:00","dateModified":"2024-06-21T08:05:28+00:00","breadcrumb":{"@id":"https:\/\/apgallery.ae\/index.php\/inquiriesproduct\/#breadcrumb"},"inLanguage":"pl-PL","potentialAction":[{"@type":"ReadAction","target":["https:\/\/apgallery.ae\/index.php\/inquiriesproduct\/"]}]},{"@type":"BreadcrumbList","@id":"https:\/\/apgallery.ae\/index.php\/inquiriesproduct\/#breadcrumb","itemListElement":[{"@type":"ListItem","position":1,"name":"Strona g\u0142\u00f3wna","item":"https:\/\/apgallery.ae\/"},{"@type":"ListItem","position":2,"name":"InquiriesProduct"}]},{"@type":"WebSite","@id":"https:\/\/apgallery.ae\/#website","url":"https:\/\/apgallery.ae\/","name":"Arturo Palomba Gallery","description":"Gallery","publisher":{"@id":"https:\/\/apgallery.ae\/#organization"},"potentialAction":[{"@type":"SearchAction","target":{"@type":"EntryPoint","urlTemplate":"https:\/\/apgallery.ae\/?s={search_term_string}"},"query-input":{"@type":"PropertyValueSpecification","valueRequired":true,"valueName":"search_term_string"}}],"inLanguage":"pl-PL"},{"@type":"Organization","@id":"https:\/\/apgallery.ae\/#organization","name":"Arturo Palomba Gallery","url":"https:\/\/apgallery.ae\/","logo":{"@type":"ImageObject","inLanguage":"pl-PL","@id":"https:\/\/apgallery.ae\/#\/schema\/logo\/image\/","url":"https:\/\/apgallery.ae\/wp-content\/uploads\/2024\/06\/cropped-logo.jpg","contentUrl":"https:\/\/apgallery.ae\/wp-content\/uploads\/2024\/06\/cropped-logo.jpg","width":522,"height":522,"caption":"Arturo Palomba Gallery"},"image":{"@id":"https:\/\/apgallery.ae\/#\/schema\/logo\/image\/"}}]}},"uagb_featured_image_src":{"full":false,"thumbnail":false,"medium":false,"medium_large":false,"large":false,"1536x1536":false,"2048x2048":false,"woocommerce_thumbnail":false,"woocommerce_single":false,"woocommerce_gallery_thumbnail":false},"uagb_author_info":{"display_name":"Micha\u0142","author_link":"https:\/\/apgallery.ae\/index.php\/author\/kontaktsphaeris-pl\/"},"uagb_comment_info":0,"uagb_excerpt":null,"jetpack_sharing_enabled":true,"_links":{"self":[{"href":"https:\/\/apgallery.ae\/index.php\/wp-json\/wp\/v2\/pages\/1010","targetHints":{"allow":["GET"]}}],"collection":[{"href":"https:\/\/apgallery.ae\/index.php\/wp-json\/wp\/v2\/pages"}],"about":[{"href":"https:\/\/apgallery.ae\/index.php\/wp-json\/wp\/v2\/types\/page"}],"author":[{"embeddable":true,"href":"https:\/\/apgallery.ae\/index.php\/wp-json\/wp\/v2\/users\/1"}],"replies":[{"embeddable":true,"href":"https:\/\/apgallery.ae\/index.php\/wp-json\/wp\/v2\/comments?post=1010"}],"version-history":[{"count":2,"href":"https:\/\/apgallery.ae\/index.php\/wp-json\/wp\/v2\/pages\/1010\/revisions"}],"predecessor-version":[{"id":1031,"href":"https:\/\/apgallery.ae\/index.php\/wp-json\/wp\/v2\/pages\/1010\/revisions\/1031"}],"wp:attachment":[{"href":"https:\/\/apgallery.ae\/index.php\/wp-json\/wp\/v2\/media?parent=1010"}],"curies":[{"name":"wp","href":"https:\/\/api.w.org\/{rel}","templated":true}]}}